{"id":56,"date":"2018-06-12T16:04:20","date_gmt":"2018-06-12T14:04:20","guid":{"rendered":"https:\/\/zweckstaetter.com\/szg-rosenheim\/?page_id=56"},"modified":"2018-06-12T16:04:20","modified_gmt":"2018-06-12T14:04:20","slug":"kurze-wege","status":"publish","type":"page","link":"https:\/\/zweckstaetter.com\/szg-rosenheim\/kurze-wege\/","title":{"rendered":"kurze wege"},"content":{"rendered":"<p>[et_pb_section bb_built=&#8220;1&#8243;][et_pb_row][et_pb_column type=&#8220;4_4&#8243;][et_pb_text _builder_version=&#8220;3.0.106&#8243; background_layout=&#8220;light&#8220;]<\/p>\n<p><strong>Hier finden Sie immer den Richtigen!<\/strong><\/p>\n<p>Kurze Wege sind und waren immer das, was wir verfolgt haben und auch weiterhin betreiben werden.<\/p>\n<p>[\/et_pb_text][\/et_pb_column][\/et_pb_row][et_pb_row _builder_version=&#8220;3.0.106&#8243; box_shadow_style=&#8220;preset6&#8243;][et_pb_column type=&#8220;1_3&#8243;][et_pb_image _builder_version=&#8220;3.0.106&#8243; src=&#8220;https:\/\/zweckstaetter.com\/szg-rosenheim\/wp-content\/uploads\/sites\/3\/2018\/06\/g_zweckstaetter.jpg&#8220; show_in_lightbox=&#8220;off&#8220; url_new_window=&#8220;off&#8220; use_overlay=&#8220;off&#8220; always_center_on_mobile=&#8220;on&#8220; force_fullwidth=&#8220;off&#8220; show_bottom_space=&#8220;on&#8220; align=&#8220;center&#8220; \/][\/et_pb_column][et_pb_column type=&#8220;1_3&#8243;][et_pb_text _builder_version=&#8220;3.0.106&#8243; background_layout=&#8220;light&#8220;]<\/p>\n<div class=\"table-contact\">\n<div class=\"table-contact-row\">\n<div class=\"table-contact-cell\">Name:<\/div>\n<div class=\"table-contact-cell\">G\u00fcnther Zweckst\u00e4tter<\/div>\n<\/div>\n<div class=\"table-contact-row\">\n<div class=\"table-contact-cell\">Position:<\/div>\n<div class=\"table-contact-cell\">Gesch\u00e4ftsf\u00fchrender Gesellschafter<\/div>\n<\/div>\n<div class=\"table-contact-row\">\n<div class=\"table-contact-cell\">Tel.:<\/div>\n<div class=\"table-contact-cell\">+49 (0) 8036 2380<\/div>\n<\/div>\n<div class=\"table-contact-row\">\n<div class=\"table-contact-cell\">Fax:<\/div>\n<div class=\"table-contact-cell\">+49 (0) 8036 8671<\/div>\n<\/div>\n<div class=\"table-contact-row\">\n<div class=\"table-contact-cell\">E-Mail:<\/div>\n<div class=\"table-contact-cell\"><a href=\"mailto:guenther@zweckstaetter.com\">guenther@zweckstaetter.com<\/a><\/div>\n<\/div>\n<\/div>\n<p>[\/et_pb_text][\/et_pb_column][et_pb_column type=&#8220;1_3&#8243;][\/et_pb_column][\/et_pb_row][et_pb_row _builder_version=&#8220;3.0.106&#8243; box_shadow_style=&#8220;preset6&#8243;][et_pb_column type=&#8220;1_3&#8243;][et_pb_image _builder_version=&#8220;3.0.106&#8243; src=&#8220;https:\/\/zweckstaetter.com\/szg-rosenheim\/wp-content\/uploads\/sites\/3\/2018\/06\/m_zweckstaetter.jpg&#8220; show_in_lightbox=&#8220;off&#8220; url_new_window=&#8220;off&#8220; use_overlay=&#8220;off&#8220; align=&#8220;center&#8220; always_center_on_mobile=&#8220;on&#8220; force_fullwidth=&#8220;off&#8220; show_bottom_space=&#8220;on&#8220; \/][\/et_pb_column][et_pb_column type=&#8220;2_3&#8243;][et_pb_text _builder_version=&#8220;3.0.106&#8243; background_layout=&#8220;light&#8220;]<\/p>\n<div class=\"table-contact\">\n<div class=\"table-contact-row\">\n<div class=\"table-contact-cell\">Name:<\/div>\n<div class=\"table-contact-cell\">Markus Zweckst\u00e4tter<\/div>\n<\/div>\n<div class=\"table-contact-row\">\n<div class=\"table-contact-cell\">Position:<\/div>\n<div class=\"table-contact-cell\">Gesellschafter, Mitglied der Gesch\u00e4ftsf\u00fchrung<\/div>\n<\/div>\n<div class=\"table-contact-row\">\n<div class=\"table-contact-cell\">Tel.:<\/div>\n<div class=\"table-contact-cell\">+49 (0) 911 968685-13 <\/div>\n<\/div>\n<div class=\"table-contact-row\">\n<div class=\"table-contact-cell\">Fax:<\/div>\n<div class=\"table-contact-cell\">+49 (0) 911 968685-50<\/div>\n<\/div>\n<div class=\"table-contact-row\">\n<div class=\"table-contact-cell\">Mobil:<\/div>\n<div class=\"table-contact-cell\">+49 (0) 172 9566778 <\/div>\n<\/div>\n<div class=\"table-contact-row\">\n<div class=\"table-contact-cell\">E-Mail:<\/div>\n<div class=\"table-contact-cell\"><a href=\"mailto:markus@zweckstaetter.com\">markus@zweckstaetter.com<\/a><\/div>\n<\/div>\n<\/div>\n<p>[\/et_pb_text][\/et_pb_column][\/et_pb_row][et_pb_row _builder_version=&#8220;3.0.106&#8243; box_shadow_style=&#8220;preset6&#8243;][et_pb_column type=&#8220;1_3&#8243;][et_pb_image _builder_version=&#8220;3.0.106&#8243; src=&#8220;https:\/\/zweckstaetter.com\/szg-rosenheim\/wp-content\/uploads\/sites\/3\/2018\/06\/i_zweckstaetter.jpg&#8220; show_in_lightbox=&#8220;off&#8220; url_new_window=&#8220;off&#8220; use_overlay=&#8220;off&#8220; align=&#8220;center&#8220; always_center_on_mobile=&#8220;on&#8220; force_fullwidth=&#8220;off&#8220; show_bottom_space=&#8220;on&#8220; \/][\/et_pb_column][et_pb_column type=&#8220;1_3&#8243;][et_pb_text _builder_version=&#8220;3.0.106&#8243; background_layout=&#8220;light&#8220;]<\/p>\n<div class=\"table-contact\">\n<div class=\"table-contact-row\">\n<div class=\"table-contact-cell\">Name:<\/div>\n<div class=\"table-contact-cell\">Inge Zweckst\u00e4tter<\/div>\n<\/div>\n<div class=\"table-contact-row\">\n<div class=\"table-contact-cell\">Position:<\/div>\n<div class=\"table-contact-cell\">Mitglied der Gesch\u00e4ftsf\u00fchrung<\/div>\n<\/div>\n<div class=\"table-contact-row\">\n<div class=\"table-contact-cell\">Tel.:<\/div>\n<div class=\"table-contact-cell\">+49 (0) 8036 2380<\/div>\n<\/div>\n<div class=\"table-contact-row\">\n<div class=\"table-contact-cell\">Fax:<\/div>\n<div class=\"table-contact-cell\">+49 (0) 8036 8671<\/div>\n<\/div>\n<div class=\"table-contact-row\">\n<div class=\"table-contact-cell\">E-Mail:<\/div>\n<div class=\"table-contact-cell\"><a href=\"mailto:inge@zweckstaetter.com\">inge@zweckstaetter.com<\/a><\/div>\n<\/div>\n<\/div>\n<p>[\/et_pb_text][\/et_pb_column][et_pb_column type=&#8220;1_3&#8243;][\/et_pb_column][\/et_pb_row][\/et_pb_section]<\/p>\n","protected":false},"excerpt":{"rendered":"<p>[et_pb_section bb_built=&#8220;1&#8243;][et_pb_row][et_pb_column type=&#8220;4_4&#8243;][et_pb_text _builder_version=&#8220;3.0.106&#8243; background_layout=&#8220;light&#8220;] Hier finden Sie immer den Richtigen! Kurze Wege sind und waren immer das, was wir verfolgt haben und auch weiterhin betreiben werden. [\/et_pb_text][\/et_pb_column][\/et_pb_row][et_pb_row _builder_version=&#8220;3.0.106&#8243; box_shadow_style=&#8220;preset6&#8243;][et_pb_column type=&#8220;1_3&#8243;][et_pb_image _builder_version=&#8220;3.0.106&#8243; src=&#8220;https:\/\/zweckstaetter.com\/szg-rosenheim\/wp-content\/uploads\/sites\/3\/2018\/06\/g_zweckstaetter.jpg&#8220; show_in_lightbox=&#8220;off&#8220; url_new_window=&#8220;off&#8220; use_overlay=&#8220;off&#8220; always_center_on_mobile=&#8220;on&#8220; force_fullwidth=&#8220;off&#8220; show_bottom_space=&#8220;on&#8220; align=&#8220;center&#8220; \/][\/et_pb_column][et_pb_column type=&#8220;1_3&#8243;][et_pb_text _builder_version=&#8220;3.0.106&#8243; background_layout=&#8220;light&#8220;] Name: G\u00fcnther Zweckst\u00e4tter Position: Gesch\u00e4ftsf\u00fchrender Gesellschafter Tel.: +49 (0) 8036 2380 [&hellip;]<\/p>\n","protected":false},"author":1,"featured_media":0,"parent":0,"menu_order":0,"comment_status":"closed","ping_status":"closed","template":"","meta":{"_et_pb_use_builder":"on","_et_pb_old_content":"","_et_gb_content_width":"","footnotes":""},"class_list":["post-56","page","type-page","status-publish","hentry"],"_links":{"self":[{"href":"https:\/\/zweckstaetter.com\/szg-rosenheim\/wp-json\/wp\/v2\/pages\/56","targetHints":{"allow":["GET"]}}],"collection":[{"href":"https:\/\/zweckstaetter.com\/szg-rosenheim\/wp-json\/wp\/v2\/pages"}],"about":[{"href":"https:\/\/zweckstaetter.com\/szg-rosenheim\/wp-json\/wp\/v2\/types\/page"}],"author":[{"embeddable":true,"href":"https:\/\/zweckstaetter.com\/szg-rosenheim\/wp-json\/wp\/v2\/users\/1"}],"replies":[{"embeddable":true,"href":"https:\/\/zweckstaetter.com\/szg-rosenheim\/wp-json\/wp\/v2\/comments?post=56"}],"version-history":[{"count":2,"href":"https:\/\/zweckstaetter.com\/szg-rosenheim\/wp-json\/wp\/v2\/pages\/56\/revisions"}],"predecessor-version":[{"id":61,"href":"https:\/\/zweckstaetter.com\/szg-rosenheim\/wp-json\/wp\/v2\/pages\/56\/revisions\/61"}],"wp:attachment":[{"href":"https:\/\/zweckstaetter.com\/szg-rosenheim\/wp-json\/wp\/v2\/media?parent=56"}],"curies":[{"name":"wp","href":"https:\/\/api.w.org\/{rel}","templated":true}]}}